{"id":4260,"date":"2023-09-19T18:08:25","date_gmt":"2023-09-19T18:08:25","guid":{"rendered":"https:\/\/hise.gorsko.si\/?page_id=4260"},"modified":"2024-03-05T22:58:05","modified_gmt":"2024-03-05T22:58:05","slug":"nagradna-igra","status":"publish","type":"page","link":"https:\/\/hise.gorsko.si\/hr\/nagradna-igra\/","title":{"rendered":"Nagradna igra"},"content":{"rendered":"<div data-elementor-type=\"wp-page\" data-elementor-id=\"4260\" class=\"elementor elementor-4260\">\n\t\t\t\t\t\t<section class=\"elementor-section elementor-top-section elementor-element elementor-element-426fc18 elementor-section-height-min-height elementor-section-stretched elementor-section-boxed elementor-section-height-default elementor-section-items-middle\" data-id=\"426fc18\" data-element_type=\"section\" data-settings=\"{&quot;stretch_section&quot;:&quot;section-stretched&quot;,&quot;background_background&quot;:&quot;classic&quot;,&quot;architecturer_ext_is_background_parallax&quot;:&quot;true&quot;,&quot;architecturer_ext_is_background_parallax_speed&quot;:{&quot;unit&quot;:&quot;px&quot;,&quot;size&quot;:0.8,&quot;sizes&quot;:[]},&quot;architecturer_ext_is_background_on_scroll&quot;:&quot;false&quot;}\">\n\t\t\t\t\t\t<div class=\"elementor-container elementor-column-gap-default\">\n\t\t\t\t\t<div class=\"elementor-column elementor-col-100 elementor-top-column elementor-element elementor-element-94094dd\" data-id=\"94094dd\" data-element_type=\"column\" data-settings=\"{&quot;architecturer_ext_is_mobile_menu&quot;:&quot;false&quot;,&quot;architecturer_ext_is_scrollme&quot;:&quot;false&quot;,&quot;architecturer_ext_is_smoove&quot;:&quot;false&quot;,&quot;architecturer_ext_is_parallax_mouse&quot;:&quot;false&quot;,&quot;architecturer_ext_is_infinite&quot;:&quot;false&quot;,&quot;architecturer_ext_is_fadeout_animation&quot;:&quot;false&quot;}\">\n\t\t\t<div class=\"elementor-widget-wrap elementor-element-populated\">\n\t\t\t\t\t\t<div class=\"elementor-element elementor-element-e638995 elementor-widget elementor-widget-text-editor\" data-id=\"e638995\" data-element_type=\"widget\" data-settings=\"{&quot;architecturer_ext_is_mobile_menu&quot;:&quot;false&quot;,&quot;architecturer_ext_is_scrollme&quot;:&quot;false&quot;,&quot;architecturer_ext_is_smoove&quot;:&quot;false&quot;,&quot;architecturer_ext_is_parallax_mouse&quot;:&quot;false&quot;,&quot;architecturer_ext_is_infinite&quot;:&quot;false&quot;,&quot;architecturer_ext_is_fadeout_animation&quot;:&quot;false&quot;}\" data-widget_type=\"text-editor.default\">\n\t\t\t\t<div class=\"elementor-widget-container\">\n\t\t\t<style>\/*! elementor - v3.21.0 - 26-05-2024 *\/\n.elementor-widget-text-editor.elementor-drop-cap-view-stacked .elementor-drop-cap{background-color:#69727d;color:#fff}.elementor-widget-text-editor.elementor-drop-cap-view-framed .elementor-drop-cap{color:#69727d;border:3px solid;background-color:transparent}.elementor-widget-text-editor:not(.elementor-drop-cap-view-default) .elementor-drop-cap{margin-top:8px}.elementor-widget-text-editor:not(.elementor-drop-cap-view-default) .elementor-drop-cap-letter{width:1em;height:1em}.elementor-widget-text-editor .elementor-drop-cap{float:left;text-align:center;line-height:1;font-size:50px}.elementor-widget-text-editor .elementor-drop-cap-letter{display:inline-block}<\/style>\t\t\t\t<p class=\" translation-block\">Izra\u0111ujemo konstrukcije drvenih skeletnih ku\u0107a za samograditelje i proizvo\u0111a\u010de monta\u017enih ku\u0107a po sistemu \"klju\u010d u ruke\"<\/p>\t\t\t\t\t\t<\/div>\n\t\t\t\t<\/div>\n\t\t\t\t\t<\/div>\n\t\t<\/div>\n\t\t\t\t\t<\/div>\n\t\t<\/section>\n\t\t\t\t<section class=\"elementor-section elementor-top-section elementor-element elementor-element-cec809d elementor-section-boxed elementor-section-height-default elementor-section-height-default\" data-id=\"cec809d\" data-element_type=\"section\" data-settings=\"{&quot;architecturer_ext_is_background_parallax&quot;:&quot;false&quot;,&quot;architecturer_ext_is_background_on_scroll&quot;:&quot;false&quot;}\">\n\t\t\t\t\t\t<div class=\"elementor-container elementor-column-gap-default\">\n\t\t\t\t\t<div class=\"elementor-column elementor-col-100 elementor-top-column elementor-element elementor-element-022c7fd\" data-id=\"022c7fd\" data-element_type=\"column\" data-settings=\"{&quot;architecturer_ext_is_mobile_menu&quot;:&quot;false&quot;,&quot;architecturer_ext_is_scrollme&quot;:&quot;false&quot;,&quot;architecturer_ext_is_smoove&quot;:&quot;false&quot;,&quot;architecturer_ext_is_parallax_mouse&quot;:&quot;false&quot;,&quot;architecturer_ext_is_infinite&quot;:&quot;false&quot;,&quot;architecturer_ext_is_fadeout_animation&quot;:&quot;false&quot;}\">\n\t\t\t<div class=\"elementor-widget-wrap elementor-element-populated\">\n\t\t\t\t\t\t<div class=\"elementor-element elementor-element-8f9bcc8 elementor-widget elementor-widget-architecturer-animated-text\" data-id=\"8f9bcc8\" data-element_type=\"widget\" data-settings=\"{&quot;architecturer_ext_is_mobile_menu&quot;:&quot;false&quot;,&quot;architecturer_ext_is_scrollme&quot;:&quot;false&quot;,&quot;architecturer_ext_is_smoove&quot;:&quot;false&quot;,&quot;architecturer_ext_is_parallax_mouse&quot;:&quot;false&quot;,&quot;architecturer_ext_is_infinite&quot;:&quot;false&quot;,&quot;architecturer_ext_is_fadeout_animation&quot;:&quot;false&quot;}\" data-widget_type=\"architecturer-animated-text.default\">\n\t\t\t\t<div class=\"elementor-widget-container\">\n\t\t\t<div class=\"themegoods-animated-text text-alignment-center transition-bottom overflow-hidden\" data-delimiter=\"sentence\" data-transition=\"100\" data-transition-delay=\"0\" data-transition-duration=\"800\">\n\t\t<h2>\n\t\tOP\u0106I UVJETI SUDJELOVANJA I PRAVILA NAGRADNE IGRE GORSKO \t<\/h2>\n\t<\/div>\t\t<\/div>\n\t\t\t\t<\/div>\n\t\t\t\t\t<\/div>\n\t\t<\/div>\n\t\t\t\t\t<\/div>\n\t\t<\/section>\n\t\t\t\t<section class=\"elementor-section elementor-top-section elementor-element elementor-element-7748458 elementor-section-boxed elementor-section-height-default elementor-section-height-default\" data-id=\"7748458\" data-element_type=\"section\" data-settings=\"{&quot;architecturer_ext_is_background_parallax&quot;:&quot;false&quot;,&quot;architecturer_ext_is_background_on_scroll&quot;:&quot;false&quot;}\">\n\t\t\t\t\t\t<div class=\"elementor-container elementor-column-gap-default\">\n\t\t\t\t\t<div class=\"elementor-column elementor-col-100 elementor-top-column elementor-element elementor-element-67dc225\" data-id=\"67dc225\" data-element_type=\"column\" data-settings=\"{&quot;architecturer_ext_is_mobile_menu&quot;:&quot;false&quot;,&quot;architecturer_ext_is_scrollme&quot;:&quot;false&quot;,&quot;architecturer_ext_is_smoove&quot;:&quot;false&quot;,&quot;architecturer_ext_is_parallax_mouse&quot;:&quot;false&quot;,&quot;architecturer_ext_is_infinite&quot;:&quot;false&quot;,&quot;architecturer_ext_is_fadeout_animation&quot;:&quot;false&quot;}\">\n\t\t\t<div class=\"elementor-widget-wrap elementor-element-populated\">\n\t\t\t\t\t\t<div class=\"elementor-element elementor-element-c87399b elementor-widget elementor-widget-text-editor\" data-id=\"c87399b\" data-element_type=\"widget\" data-settings=\"{&quot;architecturer_ext_is_mobile_menu&quot;:&quot;false&quot;,&quot;architecturer_ext_is_scrollme&quot;:&quot;false&quot;,&quot;architecturer_ext_is_smoove&quot;:&quot;false&quot;,&quot;architecturer_ext_is_parallax_mouse&quot;:&quot;false&quot;,&quot;architecturer_ext_is_infinite&quot;:&quot;false&quot;,&quot;architecturer_ext_is_fadeout_animation&quot;:&quot;false&quot;}\" data-widget_type=\"text-editor.default\">\n\t\t\t\t<div class=\"elementor-widget-container\">\n\t\t\t\t\t\t\t<p><strong>1. Organizator<\/strong><br \/>Prire\u0111iva\u010d nagradne igre je tvrtka GT Gorsko doo, Medribnik 27, 2282 Cirkulane (u daljnjem tekstu Prire\u0111iva\u010d).<br \/>Pravila odre\u0111uju na\u010din provo\u0111enja nagradnih igara koje organizira prire\u0111iva\u010d. Pravila se odnose na sve nagradne igre organizirane na web stranicama prire\u0111iva\u010da, uklju\u010duju\u0107i dru\u0161tvene mre\u017ee.<\/p><p><strong>2. Namjena<\/strong><br \/>Svrha nagradne igre je promid\u017eba tvrtke GT Gorsko doo<\/p><p><strong>3. Trajanje<\/strong><br \/>Svaka objavljena nagradna igra traje onoliko koliko je odredio prire\u0111iva\u010d za pojedinu nagradnu igru.<\/p><p><strong>4. Uvjeti suradnje<\/strong><br \/>U nagradnoj igri mogu sudjelovati oni koji pristanu na ove op\u0107e uvjete sudjelovanja i sudjeluju u svaki put objavljenoj nagradnoj igri. Sudionik mo\u017ee biti svaka fizi\u010dka osoba koja ima stalno prebivali\u0161te u Republici Sloveniji. Sudionik mo\u017ee otkazati sudjelovanje u nagradnoj igri bilo kada prije zavr\u0161etka nagradne igre slanjem zahtjeva za odustajanje na e-mail adresu info@gorsko.si. Kupnja nije uvjet za sudjelovanje u nagradnoj igri. Uvjet za sudjelovanje je suglasnost sudionika s pravilima nagradne igre. Sudjelovanjem u nagradnoj igri smatra se da je sudionik suglasan sa svim uvjetima nagradne igre.<\/p><p><strong>5. Na\u010dini sudjelovanja u nagradnoj igri<\/strong><br \/>Sudjelovanje u nagradnoj igri je u pravilu ispunjavanjem i slanjem prijavnice, ali pojedina\u010dna nagradna igra mo\u017ee odrediti razli\u010dite na\u010dine sudjelovanja.<\/p><p><strong>6. Tijek nagradne igre<\/strong><br \/>U sklopu nagradne igre odr\u017eat \u0107e se i izvla\u010denje. Svi sudionici imaju iste mogu\u0107nosti. Izvla\u010denje nagrada \u0107e se odr\u017eati unaprijed odre\u0111enog dana, u pravilu u prostorijama GT Gorsko doo. Organizator zadr\u017eava pravo promjene dana izvla\u010denja. Nagradna igra nije javna. Rezultati izvla\u010denja su kona\u010dni, \u017ealba nije mogu\u0107a. Pojedina\u010dna nagradna igra ubudu\u0107e mo\u017ee javno odrediti druga\u010diji na\u010din izbora dobitnika koji mora biti transparentan.<\/p><p><strong>7. Nagrade<\/strong><br \/>Nagrade i broj dobitnika odre\u0111eni su pravilima svake pojedine nagradne igre. Nenov\u010dane nagrade nije mogu\u0107e zamijeniti za gotovinu ili bilo koju drugu nagradu. Nagrade nisu prenosive na tre\u0107e osobe. Osobe zaposlene kod prire\u0111iva\u010da nagradne igre, \u010dlanovi njihove u\u017ee obitelji (bra\u010dni ili izvanbra\u010dni drug ili partner registrirane istospolne zajednice, djeca ili posvojena djeca te roditelji ili posvojitelji) ne smiju sudjelovati u nagradnoj igri te su nemaju pravo na nagrade. Njih \u0107e organizator isklju\u010diti iz nagradne igre.<\/p><p><strong>8. Obavijest i prihva\u0107anje<\/strong> dobitnici nagrada<br \/>Dobitnici nagrada bit \u0107e obavije\u0161teni e-mailom o nagradama i na\u010dinu preuzimanja istih.<br \/>U slu\u010daju da se pojedini dobitnik iz bilo kojeg razloga ne javi u roku od tri radna dana od primitka obavijesti o nagradi (npr. dobitnik izjavi da ne \u017eeli preuzeti nagradu, adresa ili e-mail adresa je nepotpuna ili neto\u010dna... ) te zbog toga organizatorima ne dostavi sve tra\u017eene podatke, smatrat \u0107e se da odustaje od sudjelovanja u nagradnoj igri i odri\u010de se prava na nagradu. Uvjet za dodjelu nagrade je da dobitnik nagrade izvo\u0111a\u010du u roku od 3 dana od primitka obavijesti o<br \/>\u0161alje sljede\u0107e osobne podatke na izvla\u010denje (e-mail):<br \/>- ime i prezime,<br \/>\u2013 porezni broj (kada je to potrebno za obra\u010dun poreznih obveza),<br \/>\u2013 adresu stalnog prebivali\u0161ta.<br \/>Nagra\u0111eni \u0107e nagradu primiti po\u0161tom ili na drugi prikladan na\u010din, najkasnije u roku od 30 dana od objave rezultata. U slu\u010daju tehni\u010dkih ili drugih problema, organizator zadr\u017eava pravo produljenja roka dostave, o \u010demu \u0107e primatelji nagrada biti obavije\u0161teni putem e-maila. Tro\u0161kove po\u0161tanskih usluga snosi organizator.<\/p><p><strong>9. Za\u0161tita osobnih podataka<\/strong><br \/>Sudjelovanje u nagradnoj igri dopu\u0161ta i pristaje Prire\u0111iva\u010du, kao voditelju zbirke osobnih podataka, prikupljanje i obradu njegovih osobnih podataka do opoziva privole u svrhu: Provedbe nagradne igre u skladu s ovim op\u0107im uvjetima i uvjeti, objava i obavje\u0161tavanje dobitnika, dodjela nagrada. Prire\u0111iva\u010d i osobe povezane s prire\u0111iva\u010dem obvezuju se \u010duvati osobne podatke prikupljene u sklopu nagradne igre u skladu sa Zakonom o za\u0161titi osobnih podataka (Uradni list RS, br. 94\/07 - slu\u017ebeni pro\u010di\u0161\u0107eni tekst i 177\/20). ) i Zakon o za\u0161titi potro\u0161a\u010da (Slu\u017ebeni list Republike Slovenije, br. 98\/04 \u2013 slu\u017ebeni pro\u010di\u0161\u0107eni tekst, 114\/06 \u2013 ZUE, 126\/07, 86\/09, 78\/11, 38\/14, 19\/15 , 55\/17 \u2013 ZKolT i 31\/18) te u skladu s politikom privatnosti i uvjetima poslovanja. Operater ni pod kojim uvjetima ne\u0107e proslje\u0111ivati niti otkrivati dobivene podatke tre\u0107im osobama. U slu\u010daju da sudionik \u017eeli odustati od sudjelovanja u nagradnoj igri, taj zahtjev mo\u017ee u bilo kojem trenutku priop\u0107iti na e-mail adresu info@gorsko.si.<\/p><p><strong>10. \u0160tete i vi\u0161a sila<\/strong><br \/>Svaki sudionik sudjeluje u nagradnoj igri na vlastitu odgovornost. Organizatori i osobe koje sudjeluju u nagradnoj igri ne snose odgovornost za bilo kakvu \u0161tetu koja mo\u017ee proiza\u0107i iz nagrada. Organizator ne preuzima nikakvu odgovornost za bilo kakve ne\u017eeljene posljedice koje bi sudionik i\/ili bilo koja tre\u0107a osoba mogla pretrpjeti kao posljedicu sudjelovanja<\/p>\t\t\t\t\t\t<\/div>\n\t\t\t\t<\/div>\n\t\t\t\t\t<\/div>\n\t\t<\/div>\n\t\t\t\t\t<\/div>\n\t\t<\/section>\n\t\t\t\t<\/div>","protected":false},"excerpt":{"rendered":"<p>Izdelujemo varne in udobne lesene domove,ki zagotavljajo trajnost, udobje in cenovno dostopnost SPLO\u0160NI POGOJI SODELOVANJA IN PRAVILA NAGRADNE IGRE GORSKO 1. OrganizatorPrireditelj nagradne igre je dru\u017eba GT Gorsko d.o.o., Medribnik 27, 2282 Cirkulane (v nadaljevanju organizator).Pravila dolo\u010dajo na\u010din izvedbe nagradnih [&hellip;]<\/p>","protected":false},"author":1,"featured_media":0,"parent":0,"menu_order":0,"comment_status":"closed","ping_status":"closed","template":"","meta":{"footnotes":""},"class_list":["post-4260","page","type-page","status-publish","hentry"],"aioseo_notices":[],"_links":{"self":[{"href":"https:\/\/hise.gorsko.si\/hr\/wp-json\/wp\/v2\/pages\/4260","targetHints":{"allow":["GET"]}}],"collection":[{"href":"https:\/\/hise.gorsko.si\/hr\/wp-json\/wp\/v2\/pages"}],"about":[{"href":"https:\/\/hise.gorsko.si\/hr\/wp-json\/wp\/v2\/types\/page"}],"author":[{"embeddable":true,"href":"https:\/\/hise.gorsko.si\/hr\/wp-json\/wp\/v2\/users\/1"}],"replies":[{"embeddable":true,"href":"https:\/\/hise.gorsko.si\/hr\/wp-json\/wp\/v2\/comments?post=4260"}],"version-history":[{"count":56,"href":"https:\/\/hise.gorsko.si\/hr\/wp-json\/wp\/v2\/pages\/4260\/revisions"}],"predecessor-version":[{"id":5159,"href":"https:\/\/hise.gorsko.si\/hr\/wp-json\/wp\/v2\/pages\/4260\/revisions\/5159"}],"wp:attachment":[{"href":"https:\/\/hise.gorsko.si\/hr\/wp-json\/wp\/v2\/media?parent=4260"}],"curies":[{"name":"wp","href":"https:\/\/api.w.org\/{rel}","templated":true}]}}