{"id":3294,"date":"2023-09-06T21:07:09","date_gmt":"2023-09-06T21:07:09","guid":{"rendered":"https:\/\/hise.gorsko.si\/?page_id=3294"},"modified":"2024-05-26T20:26:04","modified_gmt":"2024-05-26T20:26:04","slug":"reference-2","status":"publish","type":"page","link":"https:\/\/hise.gorsko.si\/en\/reference-2\/","title":{"rendered":"References"},"content":{"rendered":"<div data-elementor-type=\"wp-page\" data-elementor-id=\"3294\" class=\"elementor elementor-3294\">\n\t\t\t\t\t\t<section class=\"elementor-section elementor-top-section elementor-element elementor-element-7e3edda elementor-section-height-min-height elementor-section-stretched elementor-section-boxed elementor-section-height-default elementor-section-items-middle\" data-id=\"7e3edda\" data-element_type=\"section\" data-settings=\"{&quot;stretch_section&quot;:&quot;section-stretched&quot;,&quot;background_background&quot;:&quot;classic&quot;,&quot;architecturer_ext_is_background_parallax&quot;:&quot;true&quot;,&quot;architecturer_ext_is_background_parallax_speed&quot;:{&quot;unit&quot;:&quot;px&quot;,&quot;size&quot;:0.8,&quot;sizes&quot;:[]},&quot;architecturer_ext_is_background_on_scroll&quot;:&quot;false&quot;}\">\n\t\t\t\t\t\t<div class=\"elementor-container elementor-column-gap-default\">\n\t\t\t\t\t<div class=\"elementor-column elementor-col-100 elementor-top-column elementor-element elementor-element-5f17612\" data-id=\"5f17612\" data-element_type=\"column\" data-settings=\"{&quot;architecturer_ext_is_mobile_menu&quot;:&quot;false&quot;,&quot;architecturer_ext_is_scrollme&quot;:&quot;false&quot;,&quot;architecturer_ext_is_smoove&quot;:&quot;false&quot;,&quot;architecturer_ext_is_parallax_mouse&quot;:&quot;false&quot;,&quot;architecturer_ext_is_infinite&quot;:&quot;false&quot;,&quot;architecturer_ext_is_fadeout_animation&quot;:&quot;false&quot;}\">\n\t\t\t<div class=\"elementor-widget-wrap elementor-element-populated\">\n\t\t\t\t\t\t<div class=\"elementor-element elementor-element-6ce7cae elementor-widget elementor-widget-text-editor\" data-id=\"6ce7cae\" data-element_type=\"widget\" data-settings=\"{&quot;architecturer_ext_is_mobile_menu&quot;:&quot;false&quot;,&quot;architecturer_ext_is_scrollme&quot;:&quot;false&quot;,&quot;architecturer_ext_is_smoove&quot;:&quot;false&quot;,&quot;architecturer_ext_is_parallax_mouse&quot;:&quot;false&quot;,&quot;architecturer_ext_is_infinite&quot;:&quot;false&quot;,&quot;architecturer_ext_is_fadeout_animation&quot;:&quot;false&quot;}\" data-widget_type=\"text-editor.default\">\n\t\t\t\t<div class=\"elementor-widget-container\">\n\t\t\t<style>\/*! elementor - v3.21.0 - 26-05-2024 *\/\n.elementor-widget-text-editor.elementor-drop-cap-view-stacked .elementor-drop-cap{background-color:#69727d;color:#fff}.elementor-widget-text-editor.elementor-drop-cap-view-framed .elementor-drop-cap{color:#69727d;border:3px solid;background-color:transparent}.elementor-widget-text-editor:not(.elementor-drop-cap-view-default) .elementor-drop-cap{margin-top:8px}.elementor-widget-text-editor:not(.elementor-drop-cap-view-default) .elementor-drop-cap-letter{width:1em;height:1em}.elementor-widget-text-editor .elementor-drop-cap{float:left;text-align:center;line-height:1;font-size:50px}.elementor-widget-text-editor .elementor-drop-cap-letter{display:inline-block}<\/style>\t\t\t\t<p class=\" translation-block\">We make safe and comfortable wooden homes,<br> which ensure durability, comfort and affordability<\/p>\t\t\t\t\t\t<\/div>\n\t\t\t\t<\/div>\n\t\t\t\t\t<\/div>\n\t\t<\/div>\n\t\t\t\t\t<\/div>\n\t\t<\/section>\n\t\t\t\t<section class=\"elementor-section elementor-top-section elementor-element elementor-element-552928e elementor-section-boxed elementor-section-height-default elementor-section-height-default\" data-id=\"552928e\" data-element_type=\"section\" data-settings=\"{&quot;architecturer_ext_is_background_parallax&quot;:&quot;false&quot;,&quot;architecturer_ext_is_background_on_scroll&quot;:&quot;false&quot;}\">\n\t\t\t\t\t\t<div class=\"elementor-container elementor-column-gap-default\">\n\t\t\t\t\t<div class=\"elementor-column elementor-col-100 elementor-top-column elementor-element elementor-element-ba9c66f\" data-id=\"ba9c66f\" data-element_type=\"column\" data-settings=\"{&quot;architecturer_ext_is_mobile_menu&quot;:&quot;false&quot;,&quot;architecturer_ext_is_scrollme&quot;:&quot;false&quot;,&quot;architecturer_ext_is_smoove&quot;:&quot;false&quot;,&quot;architecturer_ext_is_parallax_mouse&quot;:&quot;false&quot;,&quot;architecturer_ext_is_infinite&quot;:&quot;false&quot;,&quot;architecturer_ext_is_fadeout_animation&quot;:&quot;false&quot;}\">\n\t\t\t<div class=\"elementor-widget-wrap elementor-element-populated\">\n\t\t\t\t\t\t<div class=\"elementor-element elementor-element-e1574c5 elementor-widget elementor-widget-architecturer-animated-text\" data-id=\"e1574c5\" data-element_type=\"widget\" data-settings=\"{&quot;architecturer_ext_is_mobile_menu&quot;:&quot;false&quot;,&quot;architecturer_ext_is_scrollme&quot;:&quot;false&quot;,&quot;architecturer_ext_is_smoove&quot;:&quot;false&quot;,&quot;architecturer_ext_is_parallax_mouse&quot;:&quot;false&quot;,&quot;architecturer_ext_is_infinite&quot;:&quot;false&quot;,&quot;architecturer_ext_is_fadeout_animation&quot;:&quot;false&quot;}\" data-widget_type=\"architecturer-animated-text.default\">\n\t\t\t\t<div class=\"elementor-widget-container\">\n\t\t\t<div class=\"themegoods-animated-text text-alignment-center transition-bottom overflow-hidden\" data-delimiter=\"sentence\" data-transition=\"100\" data-transition-delay=\"200\" data-transition-duration=\"800\">\n\t\t<h1>\n\t\tREFERENCES\t<\/h1>\n\t<\/div>\t\t<\/div>\n\t\t\t\t<\/div>\n\t\t\t\t<div class=\"elementor-element elementor-element-e2d5e2e elementor-widget elementor-widget-architecturer-animated-text\" data-id=\"e2d5e2e\" data-element_type=\"widget\" data-settings=\"{&quot;architecturer_ext_is_mobile_menu&quot;:&quot;false&quot;,&quot;architecturer_ext_is_scrollme&quot;:&quot;false&quot;,&quot;architecturer_ext_is_smoove&quot;:&quot;false&quot;,&quot;architecturer_ext_is_parallax_mouse&quot;:&quot;false&quot;,&quot;architecturer_ext_is_infinite&quot;:&quot;false&quot;,&quot;architecturer_ext_is_fadeout_animation&quot;:&quot;false&quot;}\" data-widget_type=\"architecturer-animated-text.default\">\n\t\t\t\t<div class=\"elementor-widget-container\">\n\t\t\t<div class=\"themegoods-animated-text text-alignment-center transition-bottom overflow-hidden\" data-delimiter=\"sentence\" data-transition=\"100\" data-transition-delay=\"400\" data-transition-duration=\"800\">\n\t\t<div>\n\t\tOver the years, we have enabled more than 200 families and individuals to build quality and affordable wooden houses.\t<\/div>\n\t<\/div>\t\t<\/div>\n\t\t\t\t<\/div>\n\t\t\t\t\t<\/div>\n\t\t<\/div>\n\t\t\t\t\t<\/div>\n\t\t<\/section>\n\t\t\t\t<section class=\"elementor-section elementor-top-section elementor-element elementor-element-49c98b6 elementor-section-full_width elementor-section-height-default elementor-section-height-default\" data-id=\"49c98b6\" data-element_type=\"section\" data-settings=\"{&quot;background_background&quot;:&quot;classic&quot;,&quot;architecturer_ext_is_background_parallax&quot;:&quot;false&quot;,&quot;architecturer_ext_is_background_on_scroll&quot;:&quot;false&quot;}\">\n\t\t\t\t\t\t<div class=\"elementor-container elementor-column-gap-default\">\n\t\t\t\t\t<div class=\"elementor-column elementor-col-100 elementor-top-column elementor-element elementor-element-dc481db\" data-id=\"dc481db\" data-element_type=\"column\" data-settings=\"{&quot;architecturer_ext_is_mobile_menu&quot;:&quot;false&quot;,&quot;architecturer_ext_is_scrollme&quot;:&quot;false&quot;,&quot;architecturer_ext_is_smoove&quot;:&quot;false&quot;,&quot;architecturer_ext_is_parallax_mouse&quot;:&quot;false&quot;,&quot;architecturer_ext_is_infinite&quot;:&quot;false&quot;,&quot;architecturer_ext_is_fadeout_animation&quot;:&quot;false&quot;}\">\n\t\t\t<div class=\"elementor-widget-wrap elementor-element-populated\">\n\t\t\t\t\t\t<div class=\"elementor-element elementor-element-c62c98f elementor-widget elementor-widget-architecturer-portfolio-classic\" data-id=\"c62c98f\" data-element_type=\"widget\" data-settings=\"{&quot;architecturer_ext_is_mobile_menu&quot;:&quot;false&quot;,&quot;architecturer_ext_is_scrollme&quot;:&quot;false&quot;,&quot;architecturer_ext_is_smoove&quot;:&quot;false&quot;,&quot;architecturer_ext_is_parallax_mouse&quot;:&quot;false&quot;,&quot;architecturer_ext_is_infinite&quot;:&quot;false&quot;,&quot;architecturer_ext_is_fadeout_animation&quot;:&quot;false&quot;}\" data-widget_type=\"architecturer-portfolio-classic.default\">\n\t\t\t\t<div class=\"elementor-widget-container\">\n\t\t\t<div class=\"portfolio_classic_container\">\n<div class=\"portfolio_filter_wrapper\">\n\t\t<a class=\"filter_tag_btn active\" href=\"javascript:;\" data-rel=\"all\" data-cols=\"3\">All<\/a>\n\t\t\t<a class=\"filter_tag_btn\" href=\"javascript:;\" data-rel=\"stanovanjska-hi--a\" data-cols=\"3\">Residential building<\/a>\n\t<\/div>\n<div class=\"portfolio_classic_content_wrapper portfolio_classic layout_tg_three_cols\" data-cols=\"3\">\n\t\t<div class=\"portfolio_classic_grid_wrapper tg_three_cols   portfolio-1 tile scale-anm stanovanjska-hi--a all filterable\" >\n\t\t\t<div class=\"portfolio_classic_img\">\n\t\t\t\t<img decoding=\"async\" src=\"https:\/\/hise.gorsko.si\/wp-content\/uploads\/2023\/09\/811.png\" alt=\"\" \/>\n\t\t\t\n\t\t\t\t<div>\t\t\n\t\t\t\t\t<span class=\"ti-arrow-right\"><\/span>\n\t\t\t\t\t<div class=\"curl\"><\/div>\n\t\t\t\t\t<a rel=\"noopener noreferrer\" href=\"https:\/\/hise.gorsko.si\/en\/hisa-881-kog\/\"  ><\/a>\n\t\t\t\t<\/div>\n\t\t\t<\/div>\n\t\t\t<br class=\"clear\"\/>\n\t\t\t<div class=\"portfolio_classic_content\">\n\t\t\t\t<h3 class=\"portfolio_classic_title\"><a rel=\"noopener noreferrer\" href=\"https:\/\/hise.gorsko.si\/en\/hisa-881-kog\/\"  >House 881 Kog<\/a><\/h3>\n\t\t\t\t<div class=\"portfolio_classic_subtitle\">Residential building<\/div>\n\t\t\t<\/div>\n\t\t<\/div>\n\t\t<div class=\"portfolio_classic_grid_wrapper tg_three_cols   portfolio-2 tile scale-anm stanovanjska-hi--a all filterable\" >\n\t\t\t<div class=\"portfolio_classic_img\">\n\t\t\t\t<img decoding=\"async\" src=\"https:\/\/hise.gorsko.si\/wp-content\/uploads\/2023\/09\/ljubecna.png\" alt=\"\" \/>\n\t\t\t\n\t\t\t\t<div>\t\t\n\t\t\t\t\t<span class=\"ti-arrow-right\"><\/span>\n\t\t\t\t\t<div class=\"curl\"><\/div>\n\t\t\t\t\t<a rel=\"noopener noreferrer\" href=\"https:\/\/hise.gorsko.si\/en\/hisa-429-ljubecna\/\"  ><\/a>\n\t\t\t\t<\/div>\n\t\t\t<\/div>\n\t\t\t<br class=\"clear\"\/>\n\t\t\t<div class=\"portfolio_classic_content\">\n\t\t\t\t<h3 class=\"portfolio_classic_title\"><a rel=\"noopener noreferrer\" href=\"https:\/\/hise.gorsko.si\/en\/hisa-429-ljubecna\/\"  >House 429 Ljube\u010dna<\/a><\/h3>\n\t\t\t\t<div class=\"portfolio_classic_subtitle\">Residential building<\/div>\n\t\t\t<\/div>\n\t\t<\/div>\n\t\t<div class=\"portfolio_classic_grid_wrapper tg_three_cols last  portfolio-3 tile scale-anm stanovanjska-hi--a all filterable\" >\n\t\t\t<div class=\"portfolio_classic_img\">\n\t\t\t\t<img decoding=\"async\" src=\"https:\/\/hise.gorsko.si\/wp-content\/uploads\/2023\/09\/ptuj.png\" alt=\"\" \/>\n\t\t\t\n\t\t\t\t<div>\t\t\n\t\t\t\t\t<span class=\"ti-arrow-right\"><\/span>\n\t\t\t\t\t<div class=\"curl\"><\/div>\n\t\t\t\t\t<a rel=\"noopener noreferrer\" href=\"https:\/\/hise.gorsko.si\/en\/hisa-212-ptuj\/\"  ><\/a>\n\t\t\t\t<\/div>\n\t\t\t<\/div>\n\t\t\t<br class=\"clear\"\/>\n\t\t\t<div class=\"portfolio_classic_content\">\n\t\t\t\t<h3 class=\"portfolio_classic_title\"><a rel=\"noopener noreferrer\" href=\"https:\/\/hise.gorsko.si\/en\/hisa-212-ptuj\/\"  >House 212 Ptuj<\/a><\/h3>\n\t\t\t\t<div class=\"portfolio_classic_subtitle\">Residential building<\/div>\n\t\t\t<\/div>\n\t\t<\/div>\n\t\t<div class=\"portfolio_classic_grid_wrapper tg_three_cols   portfolio-1 tile scale-anm stanovanjska-hi--a all filterable\" >\n\t\t\t<div class=\"portfolio_classic_img\">\n\t\t\t\t<img decoding=\"async\" src=\"https:\/\/hise.gorsko.si\/wp-content\/uploads\/2023\/09\/naklo.png\" alt=\"\" \/>\n\t\t\t\n\t\t\t\t<div>\t\t\n\t\t\t\t\t<span class=\"ti-arrow-right\"><\/span>\n\t\t\t\t\t<div class=\"curl\"><\/div>\n\t\t\t\t\t<a rel=\"noopener noreferrer\" href=\"https:\/\/hise.gorsko.si\/en\/hisa-258-naklo\/\"  ><\/a>\n\t\t\t\t<\/div>\n\t\t\t<\/div>\n\t\t\t<br class=\"clear\"\/>\n\t\t\t<div class=\"portfolio_classic_content\">\n\t\t\t\t<h3 class=\"portfolio_classic_title\"><a rel=\"noopener noreferrer\" href=\"https:\/\/hise.gorsko.si\/en\/hisa-258-naklo\/\"  >House 258 Naklo<\/a><\/h3>\n\t\t\t\t<div class=\"portfolio_classic_subtitle\">Apartment house<\/div>\n\t\t\t<\/div>\n\t\t<\/div>\n\t\t<div class=\"portfolio_classic_grid_wrapper tg_three_cols   portfolio-2 tile scale-anm stanovanjska-hi--a all filterable\" >\n\t\t\t<div class=\"portfolio_classic_img\">\n\t\t\t\t<img decoding=\"async\" src=\"https:\/\/hise.gorsko.si\/wp-content\/uploads\/2023\/09\/rogoznicaa.png\" alt=\"\" \/>\n\t\t\t\n\t\t\t\t<div>\t\t\n\t\t\t\t\t<span class=\"ti-arrow-right\"><\/span>\n\t\t\t\t\t<div class=\"curl\"><\/div>\n\t\t\t\t\t<a rel=\"noopener noreferrer\" href=\"https:\/\/hise.gorsko.si\/en\/hisa-047-rogoznica\/\"  ><\/a>\n\t\t\t\t<\/div>\n\t\t\t<\/div>\n\t\t\t<br class=\"clear\"\/>\n\t\t\t<div class=\"portfolio_classic_content\">\n\t\t\t\t<h3 class=\"portfolio_classic_title\"><a rel=\"noopener noreferrer\" href=\"https:\/\/hise.gorsko.si\/en\/hisa-047-rogoznica\/\"  >House 047 Rogoznica<\/a><\/h3>\n\t\t\t\t<div class=\"portfolio_classic_subtitle\">Residential building<\/div>\n\t\t\t<\/div>\n\t\t<\/div>\n\t\t<div class=\"portfolio_classic_grid_wrapper tg_three_cols last  portfolio-3 tile scale-anm stanovanjska-hi--a all filterable\" >\n\t\t\t<div class=\"portfolio_classic_img\">\n\t\t\t\t<img decoding=\"async\" src=\"https:\/\/hise.gorsko.si\/wp-content\/uploads\/2023\/09\/1.png\" alt=\"\" \/>\n\t\t\t\n\t\t\t\t<div>\t\t\n\t\t\t\t\t<span class=\"ti-arrow-right\"><\/span>\n\t\t\t\t\t<div class=\"curl\"><\/div>\n\t\t\t\t\t<a rel=\"noopener noreferrer\" href=\"https:\/\/hise.gorsko.si\/en\/hisa-220-ziri\/\"  ><\/a>\n\t\t\t\t<\/div>\n\t\t\t<\/div>\n\t\t\t<br class=\"clear\"\/>\n\t\t\t<div class=\"portfolio_classic_content\">\n\t\t\t\t<h3 class=\"portfolio_classic_title\"><a rel=\"noopener noreferrer\" href=\"https:\/\/hise.gorsko.si\/en\/hisa-220-ziri\/\"  >House 220 Jury<\/a><\/h3>\n\t\t\t\t<div class=\"portfolio_classic_subtitle\">Residential building<\/div>\n\t\t\t<\/div>\n\t\t<\/div>\n\t\t<div class=\"portfolio_classic_grid_wrapper tg_three_cols   portfolio-1 tile scale-anm stanovanjska-hi--a all filterable\" >\n\t\t\t<div class=\"portfolio_classic_img\">\n\t\t\t\t<img decoding=\"async\" src=\"https:\/\/hise.gorsko.si\/wp-content\/uploads\/2023\/09\/zimica.png\" alt=\"\" \/>\n\t\t\t\n\t\t\t\t<div>\t\t\n\t\t\t\t\t<span class=\"ti-arrow-right\"><\/span>\n\t\t\t\t\t<div class=\"curl\"><\/div>\n\t\t\t\t\t<a rel=\"noopener noreferrer\" href=\"https:\/\/hise.gorsko.si\/en\/hisa-284-zimica\/\"  ><\/a>\n\t\t\t\t<\/div>\n\t\t\t<\/div>\n\t\t\t<br class=\"clear\"\/>\n\t\t\t<div class=\"portfolio_classic_content\">\n\t\t\t\t<h3 class=\"portfolio_classic_title\"><a rel=\"noopener noreferrer\" href=\"https:\/\/hise.gorsko.si\/en\/hisa-284-zimica\/\"  >House 284 Zimica<\/a><\/h3>\n\t\t\t\t<div class=\"portfolio_classic_subtitle\">Residential building<\/div>\n\t\t\t<\/div>\n\t\t<\/div>\n<br class=\"clear\"\/>\n<\/div>\n<\/div>\t\t<\/div>\n\t\t\t\t<\/div>\n\t\t\t\t\t<\/div>\n\t\t<\/div>\n\t\t\t\t\t<\/div>\n\t\t<\/section>\n\t\t\t\t<section class=\"elementor-section elementor-top-section elementor-element elementor-element-763862a elementor-section-height-min-height elementor-section-stretched elementor-section-boxed elementor-section-height-default elementor-section-items-middle\" data-id=\"763862a\" data-element_type=\"section\" data-settings=\"{&quot;stretch_section&quot;:&quot;section-stretched&quot;,&quot;background_background&quot;:&quot;classic&quot;,&quot;architecturer_ext_is_background_parallax&quot;:&quot;true&quot;,&quot;architecturer_ext_is_background_parallax_speed&quot;:{&quot;unit&quot;:&quot;px&quot;,&quot;size&quot;:0.8,&quot;sizes&quot;:[]},&quot;architecturer_ext_is_background_on_scroll&quot;:&quot;false&quot;}\">\n\t\t\t\t\t\t<div class=\"elementor-container elementor-column-gap-default\">\n\t\t\t\t\t<div class=\"elementor-column elementor-col-100 elementor-top-column elementor-element elementor-element-4e5b838\" data-id=\"4e5b838\" data-element_type=\"column\" data-settings=\"{&quot;architecturer_ext_is_mobile_menu&quot;:&quot;false&quot;,&quot;architecturer_ext_is_scrollme&quot;:&quot;false&quot;,&quot;architecturer_ext_is_smoove&quot;:&quot;false&quot;,&quot;architecturer_ext_is_parallax_mouse&quot;:&quot;false&quot;,&quot;architecturer_ext_is_infinite&quot;:&quot;false&quot;,&quot;architecturer_ext_is_fadeout_animation&quot;:&quot;false&quot;}\">\n\t\t\t<div class=\"elementor-widget-wrap elementor-element-populated\">\n\t\t\t\t\t\t<div class=\"elementor-element elementor-element-b10d5d1 elementor-widget elementor-widget-architecturer-animated-text\" data-id=\"b10d5d1\" data-element_type=\"widget\" data-settings=\"{&quot;architecturer_ext_is_mobile_menu&quot;:&quot;false&quot;,&quot;architecturer_ext_is_scrollme&quot;:&quot;false&quot;,&quot;architecturer_ext_is_smoove&quot;:&quot;false&quot;,&quot;architecturer_ext_is_parallax_mouse&quot;:&quot;false&quot;,&quot;architecturer_ext_is_infinite&quot;:&quot;false&quot;,&quot;architecturer_ext_is_fadeout_animation&quot;:&quot;false&quot;}\" data-widget_type=\"architecturer-animated-text.default\">\n\t\t\t\t<div class=\"elementor-widget-container\">\n\t\t\t<div class=\"themegoods-animated-text text-alignment-left transition-right overflow-visible\" data-delimiter=\"word\" data-transition=\"100\" data-transition-delay=\"0\" data-transition-duration=\"800\">\n\t\t<h1>\n\t\tONE STEP CLOSER TO YOUR NEW HOME\t<\/h1>\n\t<\/div>\t\t<\/div>\n\t\t\t\t<\/div>\n\t\t\t\t\t<\/div>\n\t\t<\/div>\n\t\t\t\t\t<\/div>\n\t\t<\/section>\n\t\t\t\t<section class=\"elementor-section elementor-top-section elementor-element elementor-element-75284b9 elementor-section-boxed elementor-section-height-default elementor-section-height-default\" data-id=\"75284b9\" data-element_type=\"section\" data-settings=\"{&quot;architecturer_ext_is_background_parallax&quot;:&quot;false&quot;,&quot;architecturer_ext_is_background_on_scroll&quot;:&quot;false&quot;}\">\n\t\t\t\t\t\t<div class=\"elementor-container elementor-column-gap-default\">\n\t\t\t\t\t<div class=\"elementor-column elementor-col-66 elementor-top-column elementor-element elementor-element-e7564d8\" data-id=\"e7564d8\" data-element_type=\"column\" data-settings=\"{&quot;background_background&quot;:&quot;classic&quot;,&quot;architecturer_ext_is_mobile_menu&quot;:&quot;false&quot;,&quot;architecturer_ext_is_scrollme&quot;:&quot;false&quot;,&quot;architecturer_ext_is_parallax_mouse&quot;:&quot;false&quot;,&quot;architecturer_ext_is_infinite&quot;:&quot;false&quot;,&quot;architecturer_ext_is_fadeout_animation&quot;:&quot;false&quot;}\">\n\t\t\t<div class=\"elementor-widget-wrap elementor-element-populated\">\n\t\t\t\t\t\t<section class=\"elementor-section elementor-inner-section elementor-element elementor-element-c626a6a elementor-section-boxed elementor-section-height-default elementor-section-height-default\" data-id=\"c626a6a\" data-element_type=\"section\" data-settings=\"{&quot;architecturer_ext_is_background_parallax&quot;:&quot;false&quot;,&quot;architecturer_ext_is_background_on_scroll&quot;:&quot;false&quot;}\">\n\t\t\t\t\t\t<div class=\"elementor-container elementor-column-gap-default\">\n\t\t\t\t\t<div class=\"elementor-column elementor-col-100 elementor-inner-column elementor-element elementor-element-50f6c4e\" data-id=\"50f6c4e\" data-element_type=\"column\" data-settings=\"{&quot;architecturer_ext_is_mobile_menu&quot;:&quot;false&quot;,&quot;architecturer_ext_is_scrollme&quot;:&quot;false&quot;,&quot;architecturer_ext_is_smoove&quot;:&quot;false&quot;,&quot;architecturer_ext_is_parallax_mouse&quot;:&quot;false&quot;,&quot;architecturer_ext_is_infinite&quot;:&quot;false&quot;,&quot;architecturer_ext_is_fadeout_animation&quot;:&quot;false&quot;}\">\n\t\t\t<div class=\"elementor-widget-wrap elementor-element-populated\">\n\t\t\t\t\t\t<div class=\"elementor-element elementor-element-d69fec9 elementor-widget elementor-widget-heading\" data-id=\"d69fec9\" data-element_type=\"widget\" data-settings=\"{&quot;architecturer_ext_is_mobile_menu&quot;:&quot;false&quot;,&quot;architecturer_ext_is_scrollme&quot;:&quot;false&quot;,&quot;architecturer_ext_is_smoove&quot;:&quot;false&quot;,&quot;architecturer_ext_is_parallax_mouse&quot;:&quot;false&quot;,&quot;architecturer_ext_is_infinite&quot;:&quot;false&quot;,&quot;architecturer_ext_is_fadeout_animation&quot;:&quot;false&quot;}\" data-widget_type=\"heading.default\">\n\t\t\t\t<div class=\"elementor-widget-container\">\n\t\t\t<style>\/*! elementor - v3.21.0 - 26-05-2024 *\/\n.elementor-heading-title{padding:0;margin:0;line-height:1}.elementor-widget-heading .elementor-heading-title[class*=elementor-size-]>a{color:inherit;font-size:inherit;line-height:inherit}.elementor-widget-heading .elementor-heading-title.elementor-size-small{font-size:15px}.elementor-widget-heading .elementor-heading-title.elementor-size-medium{font-size:19px}.elementor-widget-heading .elementor-heading-title.elementor-size-large{font-size:29px}.elementor-widget-heading .elementor-heading-title.elementor-size-xl{font-size:39px}.elementor-widget-heading .elementor-heading-title.elementor-size-xxl{font-size:59px}<\/style><h3 class=\"elementor-heading-title elementor-size-default\">Get a free quote for your future house.\u200b<\/h3>\t\t<\/div>\n\t\t\t\t<\/div>\n\t\t\t\t<div class=\"elementor-element elementor-element-d4464d9 elementor-widget elementor-widget-text-editor\" data-id=\"d4464d9\" data-element_type=\"widget\" data-settings=\"{&quot;architecturer_ext_is_mobile_menu&quot;:&quot;false&quot;,&quot;architecturer_ext_is_scrollme&quot;:&quot;false&quot;,&quot;architecturer_ext_is_smoove&quot;:&quot;false&quot;,&quot;architecturer_ext_is_parallax_mouse&quot;:&quot;false&quot;,&quot;architecturer_ext_is_infinite&quot;:&quot;false&quot;,&quot;architecturer_ext_is_fadeout_animation&quot;:&quot;false&quot;}\" data-widget_type=\"text-editor.default\">\n\t\t\t\t<div class=\"elementor-widget-container\">\n\t\t\t\t\t\t\t<p>Fill out a short form and we&#039;ll send you a free quote. You can access the form at <a href=\"https:\/\/hise.gorsko.si\/en\/povprasevanje\/\">to this address.\u00a0<\/a><\/p>\t\t\t\t\t\t<\/div>\n\t\t\t\t<\/div>\n\t\t\t\t\t<\/div>\n\t\t<\/div>\n\t\t\t\t\t<\/div>\n\t\t<\/section>\n\t\t\t\t\t<\/div>\n\t\t<\/div>\n\t\t\t\t<div class=\"elementor-column elementor-col-33 elementor-top-column elementor-element elementor-element-096db8e elementor-hidden-tablet elementor-hidden-phone\" data-id=\"096db8e\" data-element_type=\"column\" data-settings=\"{&quot;architecturer_ext_is_mobile_menu&quot;:&quot;false&quot;,&quot;architecturer_ext_is_scrollme&quot;:&quot;false&quot;,&quot;architecturer_ext_is_smoove&quot;:&quot;false&quot;,&quot;architecturer_ext_is_parallax_mouse&quot;:&quot;false&quot;,&quot;architecturer_ext_is_infinite&quot;:&quot;false&quot;,&quot;architecturer_ext_is_fadeout_animation&quot;:&quot;false&quot;}\">\n\t\t\t<div class=\"elementor-widget-wrap\">\n\t\t\t\t\t\t\t<\/div>\n\t\t<\/div>\n\t\t\t\t\t<\/div>\n\t\t<\/section>\n\t\t\t\t<section class=\"elementor-section elementor-top-section elementor-element elementor-element-5261256 elementor-section-boxed elementor-section-height-default elementor-section-height-default\" data-id=\"5261256\" data-element_type=\"section\" data-settings=\"{&quot;architecturer_ext_is_background_parallax&quot;:&quot;false&quot;,&quot;architecturer_ext_is_background_on_scroll&quot;:&quot;false&quot;}\">\n\t\t\t\t\t\t<div class=\"elementor-container elementor-column-gap-default\">\n\t\t\t\t\t<div class=\"elementor-column elementor-col-100 elementor-top-column elementor-element elementor-element-1d846bd\" data-id=\"1d846bd\" data-element_type=\"column\" data-settings=\"{&quot;architecturer_ext_is_mobile_menu&quot;:&quot;false&quot;,&quot;architecturer_ext_is_scrollme&quot;:&quot;false&quot;,&quot;architecturer_ext_is_smoove&quot;:&quot;false&quot;,&quot;architecturer_ext_is_parallax_mouse&quot;:&quot;false&quot;,&quot;architecturer_ext_is_infinite&quot;:&quot;false&quot;,&quot;architecturer_ext_is_fadeout_animation&quot;:&quot;false&quot;}\">\n\t\t\t<div class=\"elementor-widget-wrap elementor-element-populated\">\n\t\t\t\t\t\t<div class=\"elementor-element elementor-element-d8c5392 elementor-widget elementor-widget-architecturer-animated-text\" data-id=\"d8c5392\" data-element_type=\"widget\" data-settings=\"{&quot;architecturer_ext_is_mobile_menu&quot;:&quot;false&quot;,&quot;architecturer_ext_is_scrollme&quot;:&quot;false&quot;,&quot;architecturer_ext_is_smoove&quot;:&quot;false&quot;,&quot;architecturer_ext_is_parallax_mouse&quot;:&quot;false&quot;,&quot;architecturer_ext_is_infinite&quot;:&quot;false&quot;,&quot;architecturer_ext_is_fadeout_animation&quot;:&quot;false&quot;}\" data-widget_type=\"architecturer-animated-text.default\">\n\t\t\t\t<div class=\"elementor-widget-container\">\n\t\t\t<div class=\"themegoods-animated-text text-alignment-center transition-bottom overflow-hidden\" data-delimiter=\"sentence\" data-transition=\"200\" data-transition-delay=\"0\" data-transition-duration=\"800\">\n\t\t<h2>\n\t\tA wooden house is sustainable, has a beneficial effect on health, is safer against earthquakes and withstands greater fire loads. \t<\/h2>\n\t<\/div>\t\t<\/div>\n\t\t\t\t<\/div>\n\t\t\t\t\t<\/div>\n\t\t<\/div>\n\t\t\t\t\t<\/div>\n\t\t<\/section>\n\t\t\t\t<\/div>","protected":false},"excerpt":{"rendered":"<p>Izdelujemo varne in udobne lesene domove,ki zagotavljajo trajnost, udobje in cenovno dostopnost REFERENCE V preteklih letih smo ve\u010d kot 200 dru\u017einam in posameznikom omogo\u010dili gradnjo kvalitetne in ugodne lesene hi\u0161e. All Stanovanjska hi\u0161a Hi\u0161a 881 Kog Stanovanjska hi\u0161a Hi\u0161a 429 [&hellip;]<\/p>","protected":false},"author":1,"featured_media":0,"parent":0,"menu_order":0,"comment_status":"closed","ping_status":"closed","template":"","meta":{"footnotes":""},"class_list":["post-3294","page","type-page","status-publish","hentry"],"aioseo_notices":[],"_links":{"self":[{"href":"https:\/\/hise.gorsko.si\/en\/wp-json\/wp\/v2\/pages\/3294","targetHints":{"allow":["GET"]}}],"collection":[{"href":"https:\/\/hise.gorsko.si\/en\/wp-json\/wp\/v2\/pages"}],"about":[{"href":"https:\/\/hise.gorsko.si\/en\/wp-json\/wp\/v2\/types\/page"}],"author":[{"embeddable":true,"href":"https:\/\/hise.gorsko.si\/en\/wp-json\/wp\/v2\/users\/1"}],"replies":[{"embeddable":true,"href":"https:\/\/hise.gorsko.si\/en\/wp-json\/wp\/v2\/comments?post=3294"}],"version-history":[{"count":52,"href":"https:\/\/hise.gorsko.si\/en\/wp-json\/wp\/v2\/pages\/3294\/revisions"}],"predecessor-version":[{"id":5214,"href":"https:\/\/hise.gorsko.si\/en\/wp-json\/wp\/v2\/pages\/3294\/revisions\/5214"}],"wp:attachment":[{"href":"https:\/\/hise.gorsko.si\/en\/wp-json\/wp\/v2\/media?parent=3294"}],"curies":[{"name":"wp","href":"https:\/\/api.w.org\/{rel}","templated":true}]}}